{"id":16,"date":"2025-05-19T13:33:42","date_gmt":"2025-05-19T16:33:42","guid":{"rendered":"https:\/\/sindelivredf.org.br\/novoportal\/?page_id=16"},"modified":"2025-05-19T13:33:42","modified_gmt":"2025-05-19T16:33:42","slug":"institucional","status":"publish","type":"page","link":"https:\/\/sindelivredf.org.br\/novoportal\/institucional\/","title":{"rendered":"Institucional"},"content":{"rendered":"<div id=\"dslc-main\">\r\n\t\t\t<div  class=\"dslc-modules-section \" style=\"padding-top:0px;padding-bottom:0px;\" data-section-id=\"52f7cb37a9b\">\r\n\t\t\t\t\r\n\t\t\t\t\r\n\t\t\t\t<div class=\"dslc-modules-section-wrapper dslc-clearfix\"><div  class=\"dslc-modules-area dslc-col dslc-12-col dslc-last-col dslc-valign- \" data-size=\"12\" data-valign=\"\" data-modules-area-id=\"\" ><style type=\"text\/css\" id=\"dslca-modules-area-\"><\/style>\r\n\t\t<div id=\"dslc-module-40d2d57d1ce\" class=\"dslc-module-front dslc-module-DSLC_Separator dslc-in-viewport-check dslc-in-viewport-anim-none  dslc-col dslc-12-col dslc-last-col  dslc-module-handle-like-regular \" data-module-id=\"40d2d57d1ce\" data-module=\"DSLC_Separator\" data-dslc-module-size=\"12\" data-dslc-anim=\"none\" data-dslc-anim-delay=\"0\" data-dslc-anim-duration=\"650\"  data-dslc-anim-easing=\"ease\" data-dslc-preset=\"none\" >\r\n\r\n\t\t\t\r\n\t\t\t\r\n\t\t\t\t\t<div class=\"dslc-separator-wrapper\">\n\t\t\t\t<div class=\"dslc-separator dslc-separator-style-invisible\">\n\t\t\t\t\t\t\t\t\t<\/div>\n\t\t\t\t<div><\/div>\n\t\t\t<\/div><!-- .dslc-separator-wrapper -->\n\t\t\t\r\n\t\t\t\t<\/div><!-- .dslc-module -->\r\n\t\t\r\n\t\t<div id=\"dslc-module-5eeecf5a38e\" class=\"dslc-module-front dslc-module-DSLC_Text_Simple dslc-in-viewport-check dslc-in-viewport-anim-none  dslc-col dslc-12-col dslc-last-col  dslc-module-handle-like-regular \" data-module-id=\"5eeecf5a38e\" data-module=\"DSLC_Text_Simple\" data-dslc-module-size=\"12\" data-dslc-anim=\"none\" data-dslc-anim-delay=\"0\" data-dslc-anim-duration=\"650\"  data-dslc-anim-easing=\"ease\" data-dslc-preset=\"none\" >\r\n\r\n\t\t\t\r\n\t\t\t\r\n\t\t\n\t\t<div class=\"dslc-text-module-content\">\n\t\t\t<p>Institucional<\/p>\t\t<\/div>\n\n\t\t\r\n\t\t\t\t<\/div><!-- .dslc-module -->\r\n\t\t\r\n\t\t<div id=\"dslc-module-debfa995839\" class=\"dslc-module-front dslc-module-DSLC_Separator dslc-in-viewport-check dslc-in-viewport-anim-none  dslc-col dslc-5-col  dslc-module-handle-like-regular \" data-module-id=\"debfa995839\" data-module=\"DSLC_Separator\" data-dslc-module-size=\"5\" data-dslc-anim=\"none\" data-dslc-anim-delay=\"0\" data-dslc-anim-duration=\"650\"  data-dslc-anim-easing=\"ease\" data-dslc-preset=\"none\" >\r\n\r\n\t\t\t\r\n\t\t\t\r\n\t\t\t\t\t<div class=\"dslc-separator-wrapper\">\n\t\t\t\t<div class=\"dslc-separator dslc-separator-style-invisible\">\n\t\t\t\t\t\t\t\t\t<\/div>\n\t\t\t\t<div><\/div>\n\t\t\t<\/div><!-- .dslc-separator-wrapper -->\n\t\t\t\r\n\t\t\t\t<\/div><!-- .dslc-module -->\r\n\t\t<\/div><\/div><\/div>\r\n\t\t\t<div  class=\"dslc-modules-section \" style=\"padding-top:32px;padding-bottom:32px;\" data-section-id=\"52f7cb37a9b\">\r\n\t\t\t\t\r\n\t\t\t\t\r\n\t\t\t\t<div class=\"dslc-modules-section-wrapper dslc-clearfix\"><div  class=\"dslc-modules-area dslc-col dslc-12-col dslc-last-col dslc-valign- \" data-size=\"12\" data-valign=\"\" data-modules-area-id=\"\" ><style type=\"text\/css\" id=\"dslca-modules-area-\"><\/style>\r\n\t\t<div id=\"dslc-module-65c6abadb0b\" class=\"dslc-module-front dslc-module-DSLC_Text_Simple dslc-in-viewport-check dslc-in-viewport-anim-none  dslc-col dslc-12-col dslc-last-col  dslc-module-handle-like-regular \" data-module-id=\"65c6abadb0b\" data-module=\"DSLC_Text_Simple\" data-dslc-module-size=\"12\" data-dslc-anim=\"none\" data-dslc-anim-delay=\"0\" data-dslc-anim-duration=\"650\"  data-dslc-anim-easing=\"ease\" data-dslc-preset=\"none\" >\r\n\r\n\t\t\t\r\n\t\t\t\r\n\t\t\n\t\t<div class=\"dslc-text-module-content\">\n\t\t\t<h2>OBJETIVO<\/h2><p>O\u00a0<strong>SINDICATO DOS ESTABELECIMENTOS DE CURSOS LIVRES DO DISTRITO FEDERAL \u2013\"SINDELIVRE\/DF\"<\/strong>, tem sede em Bras\u00edlia, Distrito Federal, e congrega todas as empresas\/entidades definidas como livres em qualquer \u00e1rea ou atividade econ\u00f4mica, ou seja, os estabelecimentos de cursos livres n\u00e3o sujeitos, \u00e0 autoriza\u00e7\u00e3o de funcionamento por parte dos \u00f3rg\u00e3os de educa\u00e7\u00e3o do Poder P\u00fablico e nem fiscaliza\u00e7\u00e3o pedag\u00f3gica ou administrativa, em que se destinam a orienta\u00e7\u00e3o e forma\u00e7\u00e3o profissional, ou cursos e atividades equivalentes, nas quais os cursos podem ser ministrados por instrutores, com ou sem forma\u00e7\u00e3o espec\u00edfica e que estes estejam situados em sua \u00e1rea de representatividade, podendo ser empresa ou entidades, inclusive entidades sem fins lucrativos.<\/p>\t\t<\/div>\n\n\t\t\r\n\t\t\t\t<\/div><!-- .dslc-module -->\r\n\t\t\r\n\t\t<div id=\"dslc-module-0gm44pi41ks\" class=\"dslc-module-front dslc-module-DSLC_Text_Simple dslc-in-viewport-check dslc-in-viewport-anim-none  dslc-col dslc-12-col dslc-last-col  dslc-module-handle-like-regular \" data-module-id=\"0gm44pi41ks\" data-module=\"DSLC_Text_Simple\" data-dslc-module-size=\"12\" data-dslc-anim=\"none\" data-dslc-anim-delay=\"0\" data-dslc-anim-duration=\"650\"  data-dslc-anim-easing=\"ease\" data-dslc-preset=\"none\" >\r\n\r\n\t\t\t\r\n\t\t\t\r\n\t\t\n\t\t<div class=\"dslc-text-module-content\">\n\t\t\t<h2>DIRETORIA<\/h2>\t\t<\/div>\n\n\t\t\r\n\t\t\t\t<\/div><!-- .dslc-module -->\r\n\t\t\r\n\t\t<div id=\"dslc-module-61a71edaf1c\" class=\"dslc-module-front dslc-module-DSLC_Text_Simple dslc-in-viewport-check dslc-in-viewport-anim-none  dslc-col dslc-12-col dslc-last-col  dslc-module-handle-like-regular \" data-module-id=\"61a71edaf1c\" data-module=\"DSLC_Text_Simple\" data-dslc-module-size=\"12\" data-dslc-anim=\"none\" data-dslc-anim-delay=\"0\" data-dslc-anim-duration=\"650\"  data-dslc-anim-easing=\"ease\" data-dslc-preset=\"none\" >\r\n\r\n\t\t\t\r\n\t\t\t\r\n\t\t\n\t\t<div class=\"dslc-text-module-content\">\n\t\t\t<table id=\"customers\"><tbody><tr><th colspan=\"3\"><strong>DIRETORIA - 2019 a 2022<\/strong><\/th><\/tr><tr><td><strong>CARGO<\/strong><\/td><td><strong>NOME<\/strong><\/td><td><strong>E-MAIL<\/strong><\/td><\/tr><tr><td><strong>PRESIDENTE<\/strong><\/td><td>Jo\u00e3o Adilberto Pereira Xavier<\/td><td><span id=\"cloak43cee5b9b6b49053e85d0416d4dbf7aa\">japxavier@gmail.com<\/span><\/td><\/tr><tr><td><strong>VICE PRESIDENTE<\/strong><\/td><td>Eug\u00eanio Luis Moraes De Souza<\/td><td><span id=\"cloakc4c3d78a0faf107559021b0ee580ae34\">dsousa@fluency.com.br<\/span>\u00a0| <span id=\"cloak42e09b45f60b7a050ede9075a04290c2\">fluency@fluency.com.br<\/span><\/td><\/tr><tr><td><strong>SECRET\u00c1RIO<\/strong><\/td><td>Andr\u00e9 Gustavo Andrade Barbosa<\/td><td><span id=\"cloakbca1475341a1d55c4c266ca1dea9f094\">agabarbosa@gmail.com<\/span>\u00a0 |\u00a0<span id=\"cloakad715d5fd94782fe09a8efb2801934d0\">cursoselecao@gmail.com<\/span><\/td><\/tr><tr><td><strong>TESOUREIRO<\/strong><\/td><td>Carlos Alberto Pl\u00e1cido<\/td><td><span id=\"cloak45ab8c400a0d4113b6790200da2e711b\">cplacido@uol.com.br<\/span><\/td><\/tr><tr><th colspan=\"3\"><strong>CONSELHO FISCAL - 2019 a 2022<\/strong><\/th><\/tr><tr><td><strong>CARGO<\/strong><\/td><td><strong>NOME<\/strong><\/td><td><strong>E-MAIL<\/strong><\/td><\/tr><tr><td><strong>TITULAR<\/strong><\/td><td>FRANCISCO JOS\u00c9 DOS REIS JUNIOR<\/td><td><span id=\"cloak89207d54002223361dd20c4c36f5dd5c\">guara@cna.com.br<\/span>\u00a0 |\u00a0<span id=\"cloakeb51c0e24f226983563a71c39ff24ca1\">cnaguara@uol.com.br<\/span><\/td><\/tr><tr><td><strong>TITULAR<\/strong><\/td><td>LEANDRO ALVES GON\u00c7ALVES<\/td><td><span id=\"cloak01b6ef2cba4e5ddeeea344a7b007e2ba\">taguatinga@cna.com.br<\/span><\/td><\/tr><tr><td><strong>TITULAR<\/strong><\/td><td>CAROLINA MACHADO MOR\u00c3ES SILVA MOURA<\/td><td><span id=\"cloakc75dc1e880535ca5960a17eb285ed5af\">carolinamachadomoura@gmail.com<\/span><\/td><\/tr><tr><td><strong>SUPLENTE<\/strong><\/td><td>ROSANGELA APARECIDA MUNHOZ<\/td><td>rosangelaexchangiotio.com<\/td><\/tr><tr><td><strong>SUPLENTE<\/strong><\/td><td>NELSON NONATO DA COSTA<\/td><td><span id=\"cloak4751e7fe1c73b0c486f71fd3bea51193\">lagosul@mrlincoln.com.br<\/span><\/td><\/tr><tr><th colspan=\"3\"><strong>REPRESENTANTES JUNTO A FESERV\/DF - 2019 a 2022<\/strong><\/th><\/tr><tr><td><strong>CARGO<\/strong><\/td><td><strong>NOME<\/strong><\/td><td><strong>E-MAIL<\/strong><\/td><\/tr><tr><td><strong>EFETIVO<\/strong><\/td><td>JO\u00c3O ADILBERTO PEREIRA XAVIER<\/td><td><span id=\"cloakc85d60d94a32af7e89aed34b2d9580ce\">japxavier@gmail.com<\/span><\/td><\/tr><tr><td><strong>EFETIVO<\/strong><\/td><td>CARLOS ALBERTO PL\u00c1CIDO<\/td><td><span id=\"cloak872c7ef2f730f3f92fd30c2035477366\">colacido@uol.com.br<\/span><\/td><\/tr><tr><td><strong>SUPLENTE<\/strong><\/td><td>FRANCISCO JOS\u00c9 DOS REIS JUNIOR<\/td><td><span id=\"cloak1a8ce943289e6a2a7e6d5a58c028c844\">guara@cna.com.br |\u00a0<\/span><span id=\"cloak1d9b6d674fb122d7b6a60e6a5c7a782f\">cnaguara@uol.com.br<\/span><\/td><\/tr><\/tbody><\/table>\t\t<\/div>\n\n\t\t\r\n\t\t\t\t<\/div><!-- .dslc-module -->\r\n\t\t<\/div><\/div><\/div><\/div>","protected":false},"excerpt":{"rendered":"<p>Institucional OBJETIVOO\u00a0SINDICATO DOS ESTABELECIMENTOS DE CURSOS LIVRES DO DISTRITO FEDERAL \u2013\"SINDELIVRE\/DF\", tem sede em Bras\u00edlia, Distrito Federal, e congrega todas as empresas\/entidades definidas como livres em qualquer \u00e1rea ou atividade econ\u00f4mica, ou seja, os estabelecimentos de cursos livres n\u00e3o sujeitos, \u00e0 autoriza\u00e7\u00e3o de funcionamento por parte dos \u00f3rg\u00e3os de educa\u00e7\u00e3o do Poder P\u00fablico e nem [&hellip;]<\/p>\n","protected":false},"author":1,"featured_media":0,"parent":0,"menu_order":0,"comment_status":"closed","ping_status":"closed","template":"","meta":{"footnotes":""},"class_list":["post-16","page","type-page","status-publish","hentry"],"_links":{"self":[{"href":"https:\/\/sindelivredf.org.br\/novoportal\/wp-json\/wp\/v2\/pages\/16","targetHints":{"allow":["GET"]}}],"collection":[{"href":"https:\/\/sindelivredf.org.br\/novoportal\/wp-json\/wp\/v2\/pages"}],"about":[{"href":"https:\/\/sindelivredf.org.br\/novoportal\/wp-json\/wp\/v2\/types\/page"}],"author":[{"embeddable":true,"href":"https:\/\/sindelivredf.org.br\/novoportal\/wp-json\/wp\/v2\/users\/1"}],"replies":[{"embeddable":true,"href":"https:\/\/sindelivredf.org.br\/novoportal\/wp-json\/wp\/v2\/comments?post=16"}],"version-history":[{"count":0,"href":"https:\/\/sindelivredf.org.br\/novoportal\/wp-json\/wp\/v2\/pages\/16\/revisions"}],"wp:attachment":[{"href":"https:\/\/sindelivredf.org.br\/novoportal\/wp-json\/wp\/v2\/media?parent=16"}],"curies":[{"name":"wp","href":"https:\/\/api.w.org\/{rel}","templated":true}]}}